{"id":45,"date":"2025-03-14T16:52:39","date_gmt":"2025-03-14T16:52:39","guid":{"rendered":"http:\/\/lavinialanner.com\/?page_id=45"},"modified":"2026-03-20T15:26:27","modified_gmt":"2026-03-20T15:26:27","slug":"cv","status":"publish","type":"page","link":"https:\/\/lavinialanner.com\/index.php\/cv\/","title":{"rendered":"CV"},"content":{"rendered":"\n<p class=\"has-small-font-size\">she<br>visual artist<br>born 1985 in Austria<br>lives and works in Salzburg and Vienna<\/p>\n\n\n\n<p class=\"has-small-font-size\">member of:<br><a href=\"https:\/\/igbildendekunst.at\/\">IG BILDENDE KUNST<\/a><br><a href=\"https:\/\/www.bildrecht.at\/kuenstlersuche\/?q=lavinia+lanner\">Bildrecht Wien<\/a><br><a href=\"https:\/\/www.saloon-wien.at\/members-i\/members-gallery-ll-1\/\">Saloon Vienna Network<\/a><br><a href=\"https:\/\/salzburger-kunstverein.at\/\">Salzburger Kunstverein<\/a> <br><a href=\"https:\/\/www.k-haus.at\/besuch\/kalender\/veranstaltung\/1153\/die-rote-wand.html\">K-Hausvereinigung Wien<\/a><br><a href=\"https:\/\/www.schmusechor.at\/\">Schmusechor<\/a><br><br>art mediator at <a href=\"https:\/\/www.belvedere.at\/\">Belvedere Museum Vienna<\/a><\/p>\n\n\n\n<p class=\"has-small-font-size\"><strong>ACADEMIC DEGREES<\/strong><br>2005-2010 Academy of Fine Arts Vienna, Mag.art.<br>2008 Slade School of Fine Art, University College London<br>2004-2011 BA in Intercultural Communication +<br>MA in Conference Interpreting (DE\/IT\/EN) University of Vienna<\/p>\n\n\n\n<p class=\"has-small-font-size\"><strong>SOLO EXHIBITIONS (selection)<\/strong><br>2026 Slide Show\/Bildraum 01, Vienna<br>\/ Salon Vert, Schweizerische Botschaft, Vienna<br>2025 SPARK Art Fair, Vienna<br>2024 SIMULTAN, Singletrack\/Felberturm Museum Mittersill<br>2023 paper positions, art fair Berlin<br>2022 Hideout\/O\u00d6 Kunstverein, Linz<br>2021 Your secret, perched in ecstasy\/PARALLEL VIENNA<br>\/ Die rote Wand\/K-Haus, Vienna<br>\/ The Long Now\/Galerie blaugelbe, Zwettl<br>2020 Open Studio\/Galerie Schloss Wiespach, Salzburg<br>2019 Hairbarium\/Galerie Rudolf Leeb, Vienna<br>2018 Red Carpet Showroom Volkstheater, Vienna<br>2017 fighter eraser\/Galerie Loft8, Vienna<br>\/ essentialities\/Sewon Art Space Yogyakarta, Indonesia<br>2016 trophy\/Atelier Haaskeusche Glanegg, Carinthia<br>2015 Solo room\/Deutschvilla Strobl, Salzburg<br>2014 NULLA DIES SINE LINEA\/\u00d6sterreichisches Kulturforum Rom<br>2011 a line \u2013 allein\/Galerie Rytmogram Bad Ischl, Salzburg<\/p>\n\n\n\n<p class=\"has-small-font-size\"><strong>AWARDS, ARTIST IN RESIDENCE<\/strong><br>2025 Arbeitsstipendium Land Salzburg<br>2024 Nominee Erich Grabner Preis f\u00fcr Grafik<br>\/ AIR Kunst in der Natur, Gars am Kamp<br>2023 Nominee Kardinal K\u00f6nig Kunstpreis<br>\/ Nominee Erste Bank Kunstpreis<br>\/ AIR footnote centre for image and text\/Belgrade, Serbia<br>\/ AIR Hajovna\/Banska Stiavnica, Slovakia<br>2022 Staatsstipendium f\u00fcr Bildende Kunst, bmkoes\/Austrian State Scholarship of Fine Art<br>2021 AIR Schaumbad, Graz<br>2020 + 2016 Nominee Art.Albina art award<br>2017 Artist in Residence (Land Salzburg) Yogyakarta, Indonesia<br>2015 Artist in Residence (Land Salzburg) Tehran, Iran<br>2015 + 2013 + 2009 Nominee Walter Koschatzky art award<br>2012 BA art award Carinthia<br>\/ Artist in Residence (Land Salzburg) Tenno, Italy<br>2010 Artist in Residence \u2013 Jeune Cr\u00e9ation Europ\u00e9enne\/Montrouge, Paris<br>2009 Travel Grant (Olle Gulin) Gothenburg, Sweden<br>2005 + 2004 Scholarship International Summer Academy, Salzburg<\/p>\n\n\n\n<p class=\"has-small-font-size\"><strong>COLLECTIONS<\/strong><br>Artothek des Bundes<br>Land Salzburg<br>City of Vienna<br>Salzburg Museum<br>Graphische Sammlung der Akademie der bildenden K\u00fcnste Wien<br>City of Montrouge, FR<br>Walter Koschatzky Kunstpreis<\/p>\n\n\n\n<p class=\"has-small-font-size\"><strong>GROUP EXHIBITIONS (selection)<\/strong><br>2026 On Drawing\/Eck Museum of Art Bruneck, IT<br>2025 Galerie 422, Gmunden<br>\/ Collective Drift\/O\u00d6 Kunstverein Linz<br>\/ Kunstzelle WUK, Vienna<br>\/ Demokratiezelle Raum D\/Museumsquartier Vienna<br>\/ Holding Breaths\/Kunstverein Baden<br>\/ Kunstverein Gr\u00fcnspran, Paternion<br>2024 A suitcase Project\/Picture Theory Gallery, New York<br>\/ Kunstraum Super, Vienna<br>\/ paper unlimited\/museum krems<br>\/ Leap year\/DAS WEISSE HAUS, Vienna<br>\/ Kunst und Recht\/Laback Law, Vienna<br>\/ Anscheinend eindeutig\/Kunstraum arcade, M\u00f6dling<br>2023 Neue L\u00f6cher in den Raum\/puuul.space, Vienna<br>\/ Sum up\/Hajovna\/Banska Stiavnica, Slovakia<br>\/ Finalists show\/Kardinal K\u00f6nig Kunstpreis, St. Virgil<br>\/ Structural Temptations\/Zell-e, Zell am See<br>\/ Serendipity\/Kunstraum pro arte, Hallein<br>\/ Sur realit\u00e9\/Zirkusgasse 36, Vienna<br>\/ Parallel Editions\/Galerie Rudolf Leeb, Vienna<br>\/ DINGE\/Atelier Glockengasse 8A, Vienna<br>\/ Serendipity\/Kunstverein Baden<br>2022 Trio\/Galerie 422, Gmunden<br>\/ Duo\/Gal\u00e9ria Jula Bindera, Bansk\u00e1 \u0160tiavnica, SK<br>\/ VIENNA ART WEEK \u2013 open studio days\/studios das weisse haus, Vienna<br>2021 Szenarien der Imagination\/Kunstraum pro arte Hallein, Salzburg<br>\/ AS OF NOW (w\/ Sara Lanner) periscope, Salzburg<br>\/ Zeichnung oder Objekt\/dok.noe, St. P\u00f6lten<br>\/ Mixed Double\/Galerie Schloss Wiespach, Salzburg<br>2020 Fortress of salt, recommended by S\u00e9amus Kealy\/Elektrohalle Rhomberg, Salzburg<br>\/ Stand by\/Galerie Rudolf Leeb, Vienna<br>\/ Rot\/artP.Kunstverein, Perchtoldsdorf<br>\/ Fair for Art\/Galerie Rudolf Leeb, Vienna<br>\/ Art.Albina Kunstpreis\/Oberalm, Salzburg<br>2019 When I close my eyes in the dark\/Galerie Sophia Vonier, Salzburg<br>\/ Young Art Lounge\/Z\u00fcrcher Kantonalbank, Vienna<br>\/ Junges Wort\/Kulturseptember Obertrum, Salzburg<br>\/ Fair for Art\/Galerie Rudolf Leeb, Vienna<br>2018 Zeichnung\/ICON Galerie, Linz<br>\/ OZ\/Schauraum K3, Simbach, Germany<br>\/ RC Studios, Vienna<br>\/ Symposium f\u00fcr Zeichnung, Traunkirchen<br>2017 How to dance with a machine\/Das graue b, Vienna Art Week<br>\/ Artists\u2019 Waste, Wasted Artist, Mican Offspace, Vienna<br>\/ #2\/Atelier Haaskeusche Glanegg\/Carinthia<br>2016 Vliesbandarbeit\/Das graue b, Vienna Art Week<br>\/ Art.Albina Kunstpreis\/Oberalm, Salzburg<br>\/ Schichtwechsel\/Galerie Loft8, Vienna<br>2015 Geister\/Stadtgalerie im Amthof Feldkirchen, Carinthia<br>\/ Das graue Vlies\/Deutschvilla Strobl, Salzburg<br>2014 YAA \u2013 Young Art Auction \u2013 every year starting 2010\/Albertina Vienna<br>\/ Grauzone 2\/Galerie Loft8, Vienna<br>2013 L\u00c4RM + leise, Das graue b\/Ragnarhof, Vienna Art Week<br>\/ Salzburger:innen in Wien\/Galerie im Traklhaus, Salzburg<br>\/ 6. Artaussee, Altaussee<br>\/ Grauzone 1, Das graue b\/moe, Vienna<br>\/ Er\u00f6ffnungsausstellung\/Galerie Loft8, Vienna<br>2012 Frutti di Haare\/Kunstverlag Wolfrum, Vienna<br>\/ Montag ist erst \u00fcbermorgen, Ank\u00e4ufe des Kupferstichkabinetts\/Xhibit, Vienna<br>\/ Kunstank\u00e4ufe des Landes Salzburg\/Galerie im Traklhaus, Salzburg<br>\/ mitgebracht aus China bis Italien\/Galerie im Traklhaus, Salzburg<br>\/ BA Kunstpreis \u2013 junge K\u00fcnstler:innen auf dem Weg zum Erfolg\/Galerie3 Klagenfurt, Carinthia<br>\/ Das graue b\/Gemmakunstschaun Villach, Carinthia<br>2011 METAmART\/K\u00fcnstlerhaus, Vienna<br>\/ imagine white\/Vienna Art Week<br>\/ JCE en r\u00e9sidence\/M\u00e9diath\u00e8que de Montrouge, Paris<br>\/ The kids are all right\/Stadtgalerie im Amthof Feldkirchen, Carinthia<br>\/ Tiere in der Kunst\/Galerie im Traklhaus, Salzburg<br>\/ tschip, tschip, tschip\/Arsenal, Objekt 3, Vienna<br>2010 Kunstmesse Linz\/Galerie Thomann<br>\/ 3B or not 3B\/Diplomausstellung Semperdepot, Vienna<\/p>\n","protected":false},"excerpt":{"rendered":"<p>shevisual artistborn 1985 in Austrialives and works in Salzburg and Vienna member of:IG BILDENDE KUNSTBildrecht WienSaloon Vienna NetworkSalzburger Kunstverein K-Hausvereinigung WienSchmusechor art mediator at Belvedere Museum Vienna ACADEMIC DEGREES2005-2010 Academy of Fine Arts Vienna, Mag.art.2008 Slade School of Fine Art, University College London2004-2011 BA in Intercultural Communication +MA in Conference Interpreting (DE\/IT\/EN) University of Vienna [&hellip;]<\/p>\n","protected":false},"author":1,"featured_media":0,"parent":0,"menu_order":2,"comment_status":"closed","ping_status":"closed","template":"","meta":{"footnotes":""},"class_list":["post-45","page","type-page","status-publish","hentry"],"yoast_head":"<!-- This site is optimized with the Yoast SEO plugin v24.6 - https:\/\/yoast.com\/wordpress\/plugins\/seo\/ -->\n<title>CV &#183; LAVINIA LANNER<\/title>\n<meta name=\"robots\" content=\"index, follow, max-snippet:-1, max-image-preview:large, max-video-preview:-1\" \/>\n<link rel=\"canonical\" href=\"https:\/\/lavinialanner.com\/index.php\/cv\/\" \/>\n<meta property=\"og:locale\" content=\"en_US\" \/>\n<meta property=\"og:type\" content=\"article\" \/>\n<meta property=\"og:title\" content=\"CV &#183; LAVINIA LANNER\" \/>\n<meta property=\"og:description\" content=\"shevisual artistborn 1985 in Austrialives and works in Salzburg and Vienna member of:IG BILDENDE KUNSTBildrecht WienSaloon Vienna NetworkSalzburger Kunstverein K-Hausvereinigung WienSchmusechor art mediator at Belvedere Museum Vienna ACADEMIC DEGREES2005-2010 Academy of Fine Arts Vienna, Mag.art.2008 Slade School of Fine Art, University College London2004-2011 BA in Intercultural Communication +MA in Conference Interpreting (DE\/IT\/EN) University of Vienna [&hellip;]\" \/>\n<meta property=\"og:url\" content=\"https:\/\/lavinialanner.com\/index.php\/cv\/\" \/>\n<meta property=\"og:site_name\" content=\"LAVINIA LANNER\" \/>\n<meta property=\"article:modified_time\" content=\"2026-03-20T15:26:27+00:00\" \/>\n<meta name=\"twitter:card\" content=\"summary_large_image\" \/>\n<meta name=\"twitter:label1\" content=\"Est. reading time\" \/>\n\t<meta name=\"twitter:data1\" content=\"4 minutes\" \/>\n<script type=\"application\/ld+json\" class=\"yoast-schema-graph\">{\"@context\":\"https:\/\/schema.org\",\"@graph\":[{\"@type\":\"WebPage\",\"@id\":\"https:\/\/lavinialanner.com\/index.php\/cv\/\",\"url\":\"https:\/\/lavinialanner.com\/index.php\/cv\/\",\"name\":\"CV &#183; LAVINIA LANNER\",\"isPartOf\":{\"@id\":\"https:\/\/lavinialanner.com\/#website\"},\"datePublished\":\"2025-03-14T16:52:39+00:00\",\"dateModified\":\"2026-03-20T15:26:27+00:00\",\"breadcrumb\":{\"@id\":\"https:\/\/lavinialanner.com\/index.php\/cv\/#breadcrumb\"},\"inLanguage\":\"en-US\",\"potentialAction\":[{\"@type\":\"ReadAction\",\"target\":[\"https:\/\/lavinialanner.com\/index.php\/cv\/\"]}]},{\"@type\":\"BreadcrumbList\",\"@id\":\"https:\/\/lavinialanner.com\/index.php\/cv\/#breadcrumb\",\"itemListElement\":[{\"@type\":\"ListItem\",\"position\":1,\"name\":\"Startseite\",\"item\":\"https:\/\/lavinialanner.com\/\"},{\"@type\":\"ListItem\",\"position\":2,\"name\":\"CV\"}]},{\"@type\":\"WebSite\",\"@id\":\"https:\/\/lavinialanner.com\/#website\",\"url\":\"https:\/\/lavinialanner.com\/\",\"name\":\"LAVINIA LANNER\",\"description\":\"\",\"potentialAction\":[{\"@type\":\"SearchAction\",\"target\":{\"@type\":\"EntryPoint\",\"urlTemplate\":\"https:\/\/lavinialanner.com\/?s={search_term_string}\"},\"query-input\":{\"@type\":\"PropertyValueSpecification\",\"valueRequired\":true,\"valueName\":\"search_term_string\"}}],\"inLanguage\":\"en-US\"}]}<\/script>\n<!-- \/ Yoast SEO plugin. -->","yoast_head_json":{"title":"CV &#183; LAVINIA LANNER","robots":{"index":"index","follow":"follow","max-snippet":"max-snippet:-1","max-image-preview":"max-image-preview:large","max-video-preview":"max-video-preview:-1"},"canonical":"https:\/\/lavinialanner.com\/index.php\/cv\/","og_locale":"en_US","og_type":"article","og_title":"CV &#183; LAVINIA LANNER","og_description":"shevisual artistborn 1985 in Austrialives and works in Salzburg and Vienna member of:IG BILDENDE KUNSTBildrecht WienSaloon Vienna NetworkSalzburger Kunstverein K-Hausvereinigung WienSchmusechor art mediator at Belvedere Museum Vienna ACADEMIC DEGREES2005-2010 Academy of Fine Arts Vienna, Mag.art.2008 Slade School of Fine Art, University College London2004-2011 BA in Intercultural Communication +MA in Conference Interpreting (DE\/IT\/EN) University of Vienna [&hellip;]","og_url":"https:\/\/lavinialanner.com\/index.php\/cv\/","og_site_name":"LAVINIA LANNER","article_modified_time":"2026-03-20T15:26:27+00:00","twitter_card":"summary_large_image","twitter_misc":{"Est. reading time":"4 minutes"},"schema":{"@context":"https:\/\/schema.org","@graph":[{"@type":"WebPage","@id":"https:\/\/lavinialanner.com\/index.php\/cv\/","url":"https:\/\/lavinialanner.com\/index.php\/cv\/","name":"CV &#183; LAVINIA LANNER","isPartOf":{"@id":"https:\/\/lavinialanner.com\/#website"},"datePublished":"2025-03-14T16:52:39+00:00","dateModified":"2026-03-20T15:26:27+00:00","breadcrumb":{"@id":"https:\/\/lavinialanner.com\/index.php\/cv\/#breadcrumb"},"inLanguage":"en-US","potentialAction":[{"@type":"ReadAction","target":["https:\/\/lavinialanner.com\/index.php\/cv\/"]}]},{"@type":"BreadcrumbList","@id":"https:\/\/lavinialanner.com\/index.php\/cv\/#breadcrumb","itemListElement":[{"@type":"ListItem","position":1,"name":"Startseite","item":"https:\/\/lavinialanner.com\/"},{"@type":"ListItem","position":2,"name":"CV"}]},{"@type":"WebSite","@id":"https:\/\/lavinialanner.com\/#website","url":"https:\/\/lavinialanner.com\/","name":"LAVINIA LANNER","description":"","potentialAction":[{"@type":"SearchAction","target":{"@type":"EntryPoint","urlTemplate":"https:\/\/lavinialanner.com\/?s={search_term_string}"},"query-input":{"@type":"PropertyValueSpecification","valueRequired":true,"valueName":"search_term_string"}}],"inLanguage":"en-US"}]}},"_links":{"self":[{"href":"https:\/\/lavinialanner.com\/index.php\/wp-json\/wp\/v2\/pages\/45","targetHints":{"allow":["GET"]}}],"collection":[{"href":"https:\/\/lavinialanner.com\/index.php\/wp-json\/wp\/v2\/pages"}],"about":[{"href":"https:\/\/lavinialanner.com\/index.php\/wp-json\/wp\/v2\/types\/page"}],"author":[{"embeddable":true,"href":"https:\/\/lavinialanner.com\/index.php\/wp-json\/wp\/v2\/users\/1"}],"replies":[{"embeddable":true,"href":"https:\/\/lavinialanner.com\/index.php\/wp-json\/wp\/v2\/comments?post=45"}],"version-history":[{"count":22,"href":"https:\/\/lavinialanner.com\/index.php\/wp-json\/wp\/v2\/pages\/45\/revisions"}],"predecessor-version":[{"id":275,"href":"https:\/\/lavinialanner.com\/index.php\/wp-json\/wp\/v2\/pages\/45\/revisions\/275"}],"wp:attachment":[{"href":"https:\/\/lavinialanner.com\/index.php\/wp-json\/wp\/v2\/media?parent=45"}],"curies":[{"name":"wp","href":"https:\/\/api.w.org\/{rel}","templated":true}]}}